{"id":193,"date":"2015-06-10T06:02:00","date_gmt":"2015-06-10T06:02:00","guid":{"rendered":"http:\/\/rollingdoors.com.pa\/web\/?page_id=193"},"modified":"2021-07-21T19:57:35","modified_gmt":"2021-07-21T19:57:35","slug":"productos","status":"publish","type":"page","link":"https:\/\/rollingdoors.com.pa\/web\/productos\/","title":{"rendered":"Productos"},"content":{"rendered":"<p>[vc_row][vc_column][vc_column_text][ts_gap size=\u00bb30px\u00bb horizontal_gap=\u00bboff\u00bb][\/vc_column_text][\/vc_column][\/vc_row][vc_row][vc_column width=\u00bb1\/3&#8243;][vc_column_text]<a href=\"http:\/\/rollingdoors.com.pa\/web\/puertas-enrollables\/\"><img loading=\"lazy\" decoding=\"async\" class=\"alignnone size-full wp-image-209\" src=\"http:\/\/rollingdoors.com.pa\/web\/wp-content\/uploads\/2015\/06\/puerta_enrrollable_02.jpg\" alt=\"puerta_enrrollable_02\" width=\"1000\" height=\"750\" srcset=\"https:\/\/rollingdoors.com.pa\/web\/wp-content\/uploads\/2015\/06\/puerta_enrrollable_02.jpg 1000w, https:\/\/rollingdoors.com.pa\/web\/wp-content\/uploads\/2015\/06\/puerta_enrrollable_02-600x450.jpg 600w, https:\/\/rollingdoors.com.pa\/web\/wp-content\/uploads\/2015\/06\/puerta_enrrollable_02-300x225.jpg 300w\" sizes=\"auto, (max-width: 1000px) 100vw, 1000px\" \/><\/a>[\/vc_column_text][vc_column_text]<span style=\"color: #000000;\"><strong>Puertas Enrollables<\/strong><\/span>[\/vc_column_text][vc_column_text]<\/p>\n<p style=\"text-align: justify;\">Contamos con diferentes modelos como lo son: cerrada, rejilla, micro perforada y combinada, mismas que son utilizadas en \u00e1reas comerciales y residenciales de uso manual y autom\u00e1tico.<\/p>\n<p>[\/vc_column_text][\/vc_column][vc_column width=\u00bb1\/3&#8243;][vc_column_text]<a href=\"http:\/\/rollingdoors.com.pa\/web\/puertas-corredizas\/\"><img loading=\"lazy\" decoding=\"async\" class=\"alignnone size-full wp-image-223\" src=\"http:\/\/rollingdoors.com.pa\/web\/wp-content\/uploads\/2015\/06\/puertas_corredizas_03.jpg\" alt=\"puertas_corredizas_03\" width=\"1000\" height=\"750\" srcset=\"https:\/\/rollingdoors.com.pa\/web\/wp-content\/uploads\/2015\/06\/puertas_corredizas_03.jpg 1000w, https:\/\/rollingdoors.com.pa\/web\/wp-content\/uploads\/2015\/06\/puertas_corredizas_03-600x450.jpg 600w, https:\/\/rollingdoors.com.pa\/web\/wp-content\/uploads\/2015\/06\/puertas_corredizas_03-300x225.jpg 300w\" sizes=\"auto, (max-width: 1000px) 100vw, 1000px\" \/><\/a>[\/vc_column_text][vc_column_text]<span style=\"color: #000000;\"><strong>Puertas\u00a0Corredizas<\/strong><\/span>[\/vc_column_text][vc_column_text]<\/p>\n<p style=\"text-align: justify;\">Dise\u00f1amos puertas corredizas a gusto y necesidad de nuestros clientes con los m\u00e1s altos est\u00e1ndares de seguridad y calidad. Las mismas se automatizan para \u00e1rea residencial y comercial.<\/p>\n<p>[\/vc_column_text][\/vc_column][vc_column width=\u00bb1\/3&#8243;][vc_column_text]<a href=\"http:\/\/rollingdoors.com.pa\/web\/puerta-seccional\/\"><img loading=\"lazy\" decoding=\"async\" class=\"alignnone size-full wp-image-232\" src=\"http:\/\/rollingdoors.com.pa\/web\/wp-content\/uploads\/2015\/06\/puerta_seccional_02.jpg\" alt=\"puerta_seccional_02\" width=\"1000\" height=\"750\" srcset=\"https:\/\/rollingdoors.com.pa\/web\/wp-content\/uploads\/2015\/06\/puerta_seccional_02.jpg 1000w, https:\/\/rollingdoors.com.pa\/web\/wp-content\/uploads\/2015\/06\/puerta_seccional_02-600x450.jpg 600w, https:\/\/rollingdoors.com.pa\/web\/wp-content\/uploads\/2015\/06\/puerta_seccional_02-300x225.jpg 300w\" sizes=\"auto, (max-width: 1000px) 100vw, 1000px\" \/><\/a>[\/vc_column_text][vc_column_text]<span style=\"color: #000000;\"><strong>Puerta\u00a0Seccional<\/strong><\/span>[\/vc_column_text][vc_column_text]<\/p>\n<p style=\"text-align: justify;\">La fortaleza as\u00ed como la est\u00e9tica de la puerta incorporan seguridad. Opcionalmente se puede incluir aislante si el cliente as\u00ed lo requiere as\u00ed como las ventanas con dise\u00f1os para mejor visibilidad.<\/p>\n<p>[\/vc_column_text][\/vc_column][\/vc_row][vc_row][vc_column][vc_column_text][ts_gap size=\u00bb30px\u00bb horizontal_gap=\u00bboff\u00bb][\/vc_column_text][\/vc_column][\/vc_row][vc_row][vc_column width=\u00bb1\/3&#8243;][vc_column_text]<a href=\"http:\/\/rollingdoors.com.pa\/web\/puertas-de-seguridad-residencial\/\"><img loading=\"lazy\" decoding=\"async\" class=\"alignnone size-full wp-image-236\" src=\"http:\/\/rollingdoors.com.pa\/web\/wp-content\/uploads\/2015\/06\/puerta_seguridad_02.jpg\" alt=\"puerta_seguridad_02\" width=\"768\" height=\"1024\" srcset=\"https:\/\/rollingdoors.com.pa\/web\/wp-content\/uploads\/2015\/06\/puerta_seguridad_02.jpg 768w, https:\/\/rollingdoors.com.pa\/web\/wp-content\/uploads\/2015\/06\/puerta_seguridad_02-600x800.jpg 600w, https:\/\/rollingdoors.com.pa\/web\/wp-content\/uploads\/2015\/06\/puerta_seguridad_02-225x300.jpg 225w\" sizes=\"auto, (max-width: 768px) 100vw, 768px\" \/><\/a>[\/vc_column_text][vc_column_text]<span style=\"color: #000000;\"><strong>Puertas\u00a0de Seguridad Residencial<\/strong><\/span>[\/vc_column_text][vc_column_text]Nuestras puertas de Seguridad para el Hogar est\u00e1n fabricadas con Doble chapa con 10 pestillos frontales en la hoja, dos tacos en la parte trasera, junta al piso, visor y herrajes de aluminio.[\/vc_column_text][\/vc_column][vc_column width=\u00bb1\/3&#8243;][vc_column_text]<a href=\"http:\/\/rollingdoors.com.pa\/web\/puertas-cortafuego\/\"><img loading=\"lazy\" decoding=\"async\" class=\"alignnone size-full wp-image-246\" src=\"http:\/\/rollingdoors.com.pa\/web\/wp-content\/uploads\/2015\/06\/puertas_cortafuego_02.jpg\" alt=\"puertas_cortafuego_02\" width=\"552\" height=\"550\" srcset=\"https:\/\/rollingdoors.com.pa\/web\/wp-content\/uploads\/2015\/06\/puertas_cortafuego_02.jpg 552w, https:\/\/rollingdoors.com.pa\/web\/wp-content\/uploads\/2015\/06\/puertas_cortafuego_02-300x300.jpg 300w, https:\/\/rollingdoors.com.pa\/web\/wp-content\/uploads\/2015\/06\/puertas_cortafuego_02-100x100.jpg 100w, https:\/\/rollingdoors.com.pa\/web\/wp-content\/uploads\/2015\/06\/puertas_cortafuego_02-150x150.jpg 150w\" sizes=\"auto, (max-width: 552px) 100vw, 552px\" \/><\/a>[\/vc_column_text][vc_column_text]<span style=\"color: #000000;\"><strong>Puertas\u00a0Cortafuego<\/strong><\/span>[\/vc_column_text][vc_column_text]Pueden ser simples o dobles, est\u00e1 construida con chapa de acero, rellena de lana de roca en su totalidad, variando la densidad de la misma seg\u00fan la resistencia al fuego, que le confiere dureza, rigidez, aislamiento t\u00e9rmico y resistencia.[\/vc_column_text][\/vc_column][vc_column width=\u00bb1\/3&#8243;][vc_column_text]<a href=\"http:\/\/rollingdoors.com.pa\/web\/puertas-batientes\/\"><img loading=\"lazy\" decoding=\"async\" class=\"alignnone size-full wp-image-252\" src=\"http:\/\/rollingdoors.com.pa\/web\/wp-content\/uploads\/2015\/06\/puerta_batiente_02.jpg\" alt=\"puerta_batiente_02\" width=\"1000\" height=\"750\" srcset=\"https:\/\/rollingdoors.com.pa\/web\/wp-content\/uploads\/2015\/06\/puerta_batiente_02.jpg 1000w, https:\/\/rollingdoors.com.pa\/web\/wp-content\/uploads\/2015\/06\/puerta_batiente_02-600x450.jpg 600w, https:\/\/rollingdoors.com.pa\/web\/wp-content\/uploads\/2015\/06\/puerta_batiente_02-300x225.jpg 300w\" sizes=\"auto, (max-width: 1000px) 100vw, 1000px\" \/><\/a>[\/vc_column_text][vc_column_text]<span style=\"color: #000000;\"><strong>Puertas Batientes<\/strong><\/span>[\/vc_column_text][vc_column_text]<\/p>\n<p style=\"text-align: justify;\">Se fabrican puertas de tipo batiente a dise\u00f1o y gusto del cliente. Las mismas se automatizan con las mejores marcas del mercado, tanto para \u00e1reas residenciales como para \u00e1reas comerciales.<\/p>\n<p>[\/vc_column_text][\/vc_column][\/vc_row][vc_row][vc_column][vc_column_text][ts_gap size=\u00bb30px\u00bb horizontal_gap=\u00bboff\u00bb][\/vc_column_text][\/vc_column][\/vc_row]<\/p>\n","protected":false},"excerpt":{"rendered":"<p>[vc_row][vc_column][vc_column_text][ts_gap size=\u00bb30px\u00bb horizontal_gap=\u00bboff\u00bb][\/vc_column_text][\/vc_column][\/vc_row][vc_row][vc_column width=\u00bb1\/3&#8243;][vc_column_text][\/vc_column_text][vc_column_text]Puertas Enrollables[\/vc_column_text][vc_column_text] Contamos con diferentes modelos como lo son: cerrada, rejilla, micro perforada y combinada, mismas que son utilizadas en \u00e1reas comerciales y residenciales de uso manual y autom\u00e1tico. [\/vc_column_text][\/vc_column][vc_column width=\u00bb1\/3&#8243;][vc_column_text][\/vc_column_text][vc_column_text]Puertas\u00a0Corredizas[\/vc_column_text][vc_column_text] Dise\u00f1amos puertas corredizas a gusto y necesidad de nuestros clientes con los m\u00e1s altos est\u00e1ndares de seguridad y calidad. Las mismas&hellip; <br \/> <a class=\"read-more\" href=\"https:\/\/rollingdoors.com.pa\/web\/productos\/\">Leer m\u00e1s<\/a><\/p>\n","protected":false},"author":1,"featured_media":0,"parent":0,"menu_order":30,"comment_status":"closed","ping_status":"closed","template":"","meta":{"footnotes":""},"class_list":["post-193","page","type-page","status-publish","hentry"],"_links":{"self":[{"href":"https:\/\/rollingdoors.com.pa\/web\/wp-json\/wp\/v2\/pages\/193","targetHints":{"allow":["GET"]}}],"collection":[{"href":"https:\/\/rollingdoors.com.pa\/web\/wp-json\/wp\/v2\/pages"}],"about":[{"href":"https:\/\/rollingdoors.com.pa\/web\/wp-json\/wp\/v2\/types\/page"}],"author":[{"embeddable":true,"href":"https:\/\/rollingdoors.com.pa\/web\/wp-json\/wp\/v2\/users\/1"}],"replies":[{"embeddable":true,"href":"https:\/\/rollingdoors.com.pa\/web\/wp-json\/wp\/v2\/comments?post=193"}],"version-history":[{"count":33,"href":"https:\/\/rollingdoors.com.pa\/web\/wp-json\/wp\/v2\/pages\/193\/revisions"}],"predecessor-version":[{"id":713,"href":"https:\/\/rollingdoors.com.pa\/web\/wp-json\/wp\/v2\/pages\/193\/revisions\/713"}],"wp:attachment":[{"href":"https:\/\/rollingdoors.com.pa\/web\/wp-json\/wp\/v2\/media?parent=193"}],"curies":[{"name":"wp","href":"https:\/\/api.w.org\/{rel}","templated":true}]}}