{"id":412,"date":"2017-07-27T18:27:01","date_gmt":"2017-07-27T18:27:01","guid":{"rendered":"http:\/\/rollingdoors.com.pa\/web\/?page_id=412"},"modified":"2021-07-21T20:06:55","modified_gmt":"2021-07-21T20:06:55","slug":"camaras-de-seguridad","status":"publish","type":"page","link":"https:\/\/rollingdoors.com.pa\/web\/servicios\/camaras-de-seguridad\/","title":{"rendered":"Seguridad"},"content":{"rendered":"<p>[vc_row][vc_column][vc_column_text][ts_gap size=\u00bb30px\u00bb horizontal_gap=\u00bboff\u00bb][\/vc_column_text][vc_row_inner][vc_column_inner][\/vc_column_inner][\/vc_row_inner][vc_row_inner][vc_column_inner width=\u00bb1\/2&#8243;][vc_column_text css_animation=\u00bbfadeInLeftBig\u00bb]<\/p>\n<h2><strong>Sistema de Seguridad CCTV<\/strong><\/h2>\n<p>[\/vc_column_text][vc_images_carousel images=\u00bb626,627,628&#8243; img_size=\u00bb500&#215;500&#8243;][\/vc_column_inner][vc_column_inner width=\u00bb1\/2&#8243;][vc_empty_space height=\u00bb64px\u00bb][vc_column_text]La seguridad de tu hogar o empresa es importante para nosotros por lo que un sistema de c\u00e1maras siempre es necesario para cuidar a las personas que ah\u00ed se encuentran o reciden por esto ofrecemos instalaci\u00f3n de sistemas de seguridad CCTV[\/vc_column_text][\/vc_column_inner][\/vc_row_inner][vc_empty_space height=\u00bb64px\u00bb][vc_row_inner][vc_column_inner width=\u00bb1\/2&#8243;][vc_column_text css_animation=\u00bbfadeInRightBig\u00bb]<\/p>\n<h2><strong>Alarma de Incendio\u00a0<\/strong><\/h2>\n<p>[\/vc_column_text][vc_column_text]Disponemos de Alarmas contra incendios de la mejor calidad. Buscando mantener tu hogar o empresa segura de alg\u00fan tipo de accidente. Una alarma contar incendios puede detectar la presencia\u00a0 de fuego y activar los rociadores dentro del local[\/vc_column_text][\/vc_column_inner][vc_column_inner width=\u00bb1\/2&#8243;][vc_empty_space height=\u00bb64px\u00bb][vc_single_image image=\u00bb632&#8243; img_size=\u00bb1000&#215;1000&#8243;][\/vc_column_inner][vc_column_inner][vc_empty_space height=\u00bb64px\u00bb][\/vc_column_inner][\/vc_row_inner][\/vc_column][\/vc_row][vc_row][vc_column width=\u00bb1\/2&#8243;][vc_column_text css_animation=\u00bbfadeInRightBig\u00bb]<\/p>\n<h2><strong>Otros servicios de seguridad<\/strong><\/h2>\n<p>[\/vc_column_text][vc_images_carousel images=\u00bb629,630,631&#8243; img_size=\u00bb600&#215;600&#8243;][\/vc_column][vc_column width=\u00bb1\/2&#8243;][vc_empty_space height=\u00bb64px\u00bb][vc_column_text]<b>DISPONEMOS DE SISTEMA DE MARCACI\u00d3N PERSONAL:<\/b><\/p>\n<p>Relojes biom\u00e9tricos de huella digital<\/p>\n<p>Relojes Hand Punch entre otros<\/p>\n<p>Sistemas convencionales de paneles (2,4,6,8,y 12 puertas)<\/p>\n<p>Soluciones modulares IP de 1 puerta con administraci\u00f3n de v\u00eda web[\/vc_column_text][\/vc_column][\/vc_row][vc_row][vc_column][vc_row_inner][vc_column_inner][vc_empty_space height=\u00bb64px\u00bb][\/vc_column_inner][\/vc_row_inner][\/vc_column][\/vc_row][vc_row][vc_column][\/vc_column][\/vc_row]<\/p>\n","protected":false},"excerpt":{"rendered":"<p>[vc_row][vc_column][vc_column_text][ts_gap size=\u00bb30px\u00bb horizontal_gap=\u00bboff\u00bb][\/vc_column_text][vc_row_inner][vc_column_inner][\/vc_column_inner][\/vc_row_inner][vc_row_inner][vc_column_inner width=\u00bb1\/2&#8243;][vc_column_text css_animation=\u00bbfadeInLeftBig\u00bb] Sistema de Seguridad CCTV [\/vc_column_text][vc_images_carousel images=\u00bb626,627,628&#8243; img_size=\u00bb500&#215;500&#8243;][\/vc_column_inner][vc_column_inner width=\u00bb1\/2&#8243;][vc_empty_space height=\u00bb64px\u00bb][vc_column_text]La seguridad de tu hogar o empresa es importante para nosotros por lo que un sistema de c\u00e1maras siempre es necesario para cuidar a las personas que ah\u00ed se encuentran o reciden por esto ofrecemos instalaci\u00f3n de sistemas de seguridad CCTV[\/vc_column_text][\/vc_column_inner][\/vc_row_inner][vc_empty_space height=\u00bb64px\u00bb][vc_row_inner][vc_column_inner&hellip; <br \/> <a class=\"read-more\" href=\"https:\/\/rollingdoors.com.pa\/web\/servicios\/camaras-de-seguridad\/\">Leer m\u00e1s<\/a><\/p>\n","protected":false},"author":1,"featured_media":0,"parent":264,"menu_order":0,"comment_status":"closed","ping_status":"closed","template":"","meta":{"footnotes":""},"class_list":["post-412","page","type-page","status-publish","hentry"],"_links":{"self":[{"href":"https:\/\/rollingdoors.com.pa\/web\/wp-json\/wp\/v2\/pages\/412","targetHints":{"allow":["GET"]}}],"collection":[{"href":"https:\/\/rollingdoors.com.pa\/web\/wp-json\/wp\/v2\/pages"}],"about":[{"href":"https:\/\/rollingdoors.com.pa\/web\/wp-json\/wp\/v2\/types\/page"}],"author":[{"embeddable":true,"href":"https:\/\/rollingdoors.com.pa\/web\/wp-json\/wp\/v2\/users\/1"}],"replies":[{"embeddable":true,"href":"https:\/\/rollingdoors.com.pa\/web\/wp-json\/wp\/v2\/comments?post=412"}],"version-history":[{"count":14,"href":"https:\/\/rollingdoors.com.pa\/web\/wp-json\/wp\/v2\/pages\/412\/revisions"}],"predecessor-version":[{"id":680,"href":"https:\/\/rollingdoors.com.pa\/web\/wp-json\/wp\/v2\/pages\/412\/revisions\/680"}],"up":[{"embeddable":true,"href":"https:\/\/rollingdoors.com.pa\/web\/wp-json\/wp\/v2\/pages\/264"}],"wp:attachment":[{"href":"https:\/\/rollingdoors.com.pa\/web\/wp-json\/wp\/v2\/media?parent=412"}],"curies":[{"name":"wp","href":"https:\/\/api.w.org\/{rel}","templated":true}]}}