{"id":498,"date":"2020-05-30T15:42:21","date_gmt":"2020-05-30T15:42:21","guid":{"rendered":"http:\/\/rollingdoors.com.pa\/web\/?page_id=498"},"modified":"2021-07-21T22:13:09","modified_gmt":"2021-07-21T22:13:09","slug":"inicio-2","status":"publish","type":"page","link":"https:\/\/rollingdoors.com.pa\/web\/","title":{"rendered":"Inicio"},"content":{"rendered":"<p>[vc_row parallax=\u00bboff\u00bb space=\u00bbspace-20&#8243; parallax_speed=\u00bb0.2&#8243; el_class=\u00bbspace-bottom\u00bb font_color=\u00bb#ffffff\u00bb bg_image=\u00bb369&#8243; bg_repeat=\u00bbrepeat-x\u00bb][vc_column][vc_column_text]<\/p>\n<h1 style=\"text-align: center;\"><span style=\"color: #000000;\"><strong>Rolling Doors Repair and More, S.A.<\/strong><\/span><\/h1>\n<p>[\/vc_column_text][vc_column_text el_class=\u00bbtext-center font-size-16&#8243;]<\/p>\n<h3 style=\"text-align: center;\">Nacimos para satisfacer sus necesidades, una nueva opci\u00f3n, un servicio diferente, personalizado a la hora que usted nos necesite.<\/h3>\n<p>[\/vc_column_text][vc_empty_space height=\u00bb16px\u00bb][\/vc_column][\/vc_row][vc_row parallax=\u00bboff\u00bb parallax_speed=\u00bb7&#8243; cover_color_alpha=\u00bb0.7&#8243; space=\u00bbspace-20&#8243; font_color=\u00bb#ffffff\u00bb bg_image=\u00bb372&#8243; bg_repeat=\u00bbrepeat-x\u00bb][vc_column width=\u00bb1\/3&#8243;][vc_icon icon_fontawesome=\u00bbfas fa-business-time\u00bb size=\u00bblg\u00bb align=\u00bbcenter\u00bb][vc_column_text]<\/p>\n<h3 style=\"text-align: center;\">Somos una empresa completamente paname\u00f1a. Desde hace m\u00e1s de 10 a\u00f1os buscamos dar a nuestros clientes la mejor calidad de servicio en el mercado.<\/h3>\n<p>[\/vc_column_text][\/vc_column][vc_column width=\u00bb1\/3&#8243;][vc_icon icon_fontawesome=\u00bbfas fa-history\u00bb size=\u00bblg\u00bb align=\u00bbcenter\u00bb][vc_column_text]<\/p>\n<h3 style=\"text-align: center;\">Ofrecemos servicio las 24 horas del d\u00eda, los 7 d\u00edas de la semana, con un tiempo de respuesta no mayor a 8 horas.\u00a0 Estamos atentos a nuestros clientes antes, durante y despu\u00e9s de cada venta.<\/h3>\n<p>[\/vc_column_text][\/vc_column][vc_column width=\u00bb1\/3&#8243;][vc_icon icon_fontawesome=\u00bbfas fa-users\u00bb size=\u00bblg\u00bb align=\u00bbcenter\u00bb][vc_column_text]<\/p>\n<h3 style=\"text-align: center;\">Contamos con un grupo de colaboradores que se esfuerzan diariamente en cumplir con todos nuestros clientes.<\/h3>\n<p>[\/vc_column_text][\/vc_column][\/vc_row][vc_row][vc_column][vc_row_inner][vc_column_inner][vc_column_text]<\/p>\n<h2><strong>M\u00e1s Trabajos<\/strong><\/h2>\n<p>[\/vc_column_text][vc_media_grid style=\u00bbload-more\u00bb items_per_page=\u00bb3&#8243; item=\u00bbmediaGrid_ScaleWithRotation\u00bb btn_style=\u00bbmodern\u00bb btn_color=\u00bbprimary\u00bb btn_size=\u00bblg\u00bb btn_align=\u00bbcenter\u00bb grid_id=\u00bbvc_gid:1626905549413-a20b48ab-7e9f-6&#8243; include=\u00bb738,737,732,731,730,729&#8243;][\/vc_column_inner][\/vc_row_inner][vc_empty_space height=\u00bb64px\u00bb][vc_column_text]<\/p>\n<h2>Algunos de nuestros clientes<\/h2>\n<p>[\/vc_column_text][vc_row_inner][vc_column_inner width=\u00bb1\/6&#8243;][vc_single_image image=\u00bb63&#8243; img_size=\u00bb\u00bb alignment=\u00bbcenter\u00bb][\/vc_column_inner][vc_column_inner width=\u00bb1\/6&#8243;][vc_single_image image=\u00bb51&#8243; img_size=\u00bb\u00bb alignment=\u00bbcenter\u00bb][\/vc_column_inner][vc_column_inner width=\u00bb1\/6&#8243;][vc_single_image image=\u00bb62&#8243; img_size=\u00bb\u00bb alignment=\u00bbcenter\u00bb][\/vc_column_inner][vc_column_inner width=\u00bb1\/6&#8243;][vc_single_image image=\u00bb53&#8243; img_size=\u00bb\u00bb alignment=\u00bbcenter\u00bb][\/vc_column_inner][vc_column_inner width=\u00bb1\/6&#8243;][vc_single_image image=\u00bb52&#8243; img_size=\u00bb\u00bb alignment=\u00bbcenter\u00bb][\/vc_column_inner][vc_column_inner width=\u00bb1\/6&#8243;][vc_single_image image=\u00bb58&#8243; img_size=\u00bb\u00bb alignment=\u00bbcenter\u00bb][\/vc_column_inner][\/vc_row_inner][vc_empty_space height=\u00bb64px\u00bb][vc_column_text]<\/p>\n<h2 style=\"text-align: center;\">Siguenos en Nuestras Redes Sociales<\/h2>\n<p>[\/vc_column_text][vc_empty_space][\/vc_column][\/vc_row][vc_row][vc_column width=\u00bb1\/4&#8243;][\/vc_column][vc_column width=\u00bb1\/2&#8243;][vc_raw_html]JTVCaW5zdGFncmFtLWZlZWQlMjB1c2VyJTNEJTIycm9sbGluZ2Rvb3JzcmVwYWlyJTIyJTVE[\/vc_raw_html][\/vc_column][vc_column width=\u00bb1\/4&#8243;][\/vc_column][\/vc_row][vc_row][vc_column][vc_row_inner][vc_column_inner][vc_empty_space height=\u00bb64px\u00bb][\/vc_column_inner][\/vc_row_inner][vc_empty_space el_id=\u00bbcontactenos-formulario\u00bb][vc_empty_space][\/vc_column][\/vc_row][vc_row][vc_column][vc_column_text css_animation=\u00bbfadeInLeft\u00bb]<\/p>\n<h2 style=\"text-align: center;\">Cont\u00e1ctenos<\/h2>\n<p>[\/vc_column_text]<div class=\"wpforms-container wpforms-container-full\" id=\"wpforms-541\"><form id=\"wpforms-form-541\" class=\"wpforms-validate wpforms-form\" data-formid=\"541\" method=\"post\" enctype=\"multipart\/form-data\" action=\"\/web\/wp-json\/wp\/v2\/pages\/498\" data-token=\"1df4dbf3b2e93dc1439f1fd34b34aa5a\" data-token-time=\"1777385184\"><noscript class=\"wpforms-error-noscript\">Por favor, activa JavaScript en tu navegador para completar este formulario.<\/noscript><div class=\"wpforms-field-container\"><div id=\"wpforms-541-field_0-container\" class=\"wpforms-field wpforms-field-name\" data-field-id=\"0\"><label class=\"wpforms-field-label\">Nombre <span class=\"wpforms-required-label\">*<\/span><\/label><div class=\"wpforms-field-row wpforms-field-medium\"><div class=\"wpforms-field-row-block wpforms-first wpforms-one-half\"><input type=\"text\" id=\"wpforms-541-field_0\" class=\"wpforms-field-name-first wpforms-field-required\" name=\"wpforms[fields][0][first]\" required><label for=\"wpforms-541-field_0\" class=\"wpforms-field-sublabel after\">Nombre<\/label><\/div><div class=\"wpforms-field-row-block wpforms-one-half\"><input type=\"text\" id=\"wpforms-541-field_0-last\" class=\"wpforms-field-name-last wpforms-field-required\" name=\"wpforms[fields][0][last]\" required><label for=\"wpforms-541-field_0-last\" class=\"wpforms-field-sublabel after\">Apellidos<\/label><\/div><\/div><\/div><div id=\"wpforms-541-field_1-container\" class=\"wpforms-field wpforms-field-email\" data-field-id=\"1\"><label class=\"wpforms-field-label\" for=\"wpforms-541-field_1\">Correo electr\u00f3nico <span class=\"wpforms-required-label\">*<\/span><\/label><input type=\"email\" id=\"wpforms-541-field_1\" class=\"wpforms-field-medium wpforms-field-required\" name=\"wpforms[fields][1]\" spellcheck=\"false\" required><\/div><div id=\"wpforms-541-field_4-container\" class=\"wpforms-field wpforms-field-radio\" data-field-id=\"4\"><label class=\"wpforms-field-label\">Nos contacta debido a<\/label><ul id=\"wpforms-541-field_4\"><li class=\"choice-1 depth-1\"><input type=\"radio\" id=\"wpforms-541-field_4_1\" name=\"wpforms[fields][4]\" value=\"Sugerencia\"  ><label class=\"wpforms-field-label-inline\" for=\"wpforms-541-field_4_1\">Sugerencia<\/label><\/li><li class=\"choice-2 depth-1\"><input type=\"radio\" id=\"wpforms-541-field_4_2\" name=\"wpforms[fields][4]\" value=\"Pregunta\"  ><label class=\"wpforms-field-label-inline\" for=\"wpforms-541-field_4_2\">Pregunta<\/label><\/li><li class=\"choice-3 depth-1\"><input type=\"radio\" id=\"wpforms-541-field_4_3\" name=\"wpforms[fields][4]\" value=\"Otra\"  ><label class=\"wpforms-field-label-inline\" for=\"wpforms-541-field_4_3\">Otra<\/label><\/li><\/ul><\/div><div id=\"wpforms-541-field_2-container\" class=\"wpforms-field wpforms-field-textarea\" data-field-id=\"2\"><label class=\"wpforms-field-label\" for=\"wpforms-541-field_2\">Comentario o mensaje <span class=\"wpforms-required-label\">*<\/span><\/label><textarea id=\"wpforms-541-field_2\" class=\"wpforms-field-medium wpforms-field-required\" name=\"wpforms[fields][2]\" required><\/textarea><\/div><\/div><!-- .wpforms-field-container --><div class=\"wpforms-field wpforms-field-hp\"><label for=\"wpforms-541-field-hp\" class=\"wpforms-field-label\">Message<\/label><input type=\"text\" name=\"wpforms[hp]\" id=\"wpforms-541-field-hp\" class=\"wpforms-field-medium\"><\/div><div class=\"wpforms-submit-container\" ><input type=\"hidden\" name=\"wpforms[id]\" value=\"541\"><input type=\"hidden\" name=\"page_title\" value=\"\"><input type=\"hidden\" name=\"page_url\" value=\"https:\/\/rollingdoors.com.pa\/web\/wp-json\/wp\/v2\/pages\/498\"><input type=\"hidden\" name=\"url_referer\" value=\"https:\/\/rollingdoors.com.pa\/web\/\"><button type=\"submit\" name=\"wpforms[submit]\" id=\"wpforms-submit-541\" class=\"wpforms-submit\" data-alt-text=\"Enviando...\" data-submit-text=\"Enviar\" aria-live=\"assertive\" value=\"wpforms-submit\">Enviar<\/button><\/div><\/form><\/div>  <!-- .wpforms-container -->[\/vc_column][\/vc_row]<\/p>\n","protected":false},"excerpt":{"rendered":"<p>[vc_row parallax=\u00bboff\u00bb space=\u00bbspace-20&#8243; parallax_speed=\u00bb0.2&#8243; el_class=\u00bbspace-bottom\u00bb font_color=\u00bb#ffffff\u00bb bg_image=\u00bb369&#8243; bg_repeat=\u00bbrepeat-x\u00bb][vc_column][vc_column_text] Rolling Doors Repair and More, S.A. [\/vc_column_text][vc_column_text el_class=\u00bbtext-center font-size-16&#8243;] Nacimos para satisfacer sus necesidades, una nueva opci\u00f3n, un servicio diferente, personalizado a la hora que usted nos necesite. [\/vc_column_text][vc_empty_space height=\u00bb16px\u00bb][\/vc_column][\/vc_row][vc_row parallax=\u00bboff\u00bb parallax_speed=\u00bb7&#8243; cover_color_alpha=\u00bb0.7&#8243; space=\u00bbspace-20&#8243; font_color=\u00bb#ffffff\u00bb bg_image=\u00bb372&#8243; bg_repeat=\u00bbrepeat-x\u00bb][vc_column width=\u00bb1\/3&#8243;][vc_icon icon_fontawesome=\u00bbfas fa-business-time\u00bb size=\u00bblg\u00bb align=\u00bbcenter\u00bb][vc_column_text] Somos una empresa completamente paname\u00f1a.&hellip; <br \/> <a class=\"read-more\" href=\"https:\/\/rollingdoors.com.pa\/web\/\">Leer m\u00e1s<\/a><\/p>\n","protected":false},"author":1,"featured_media":0,"parent":0,"menu_order":10,"comment_status":"closed","ping_status":"closed","template":"","meta":{"footnotes":""},"class_list":["post-498","page","type-page","status-publish","hentry"],"_links":{"self":[{"href":"https:\/\/rollingdoors.com.pa\/web\/wp-json\/wp\/v2\/pages\/498","targetHints":{"allow":["GET"]}}],"collection":[{"href":"https:\/\/rollingdoors.com.pa\/web\/wp-json\/wp\/v2\/pages"}],"about":[{"href":"https:\/\/rollingdoors.com.pa\/web\/wp-json\/wp\/v2\/types\/page"}],"author":[{"embeddable":true,"href":"https:\/\/rollingdoors.com.pa\/web\/wp-json\/wp\/v2\/users\/1"}],"replies":[{"embeddable":true,"href":"https:\/\/rollingdoors.com.pa\/web\/wp-json\/wp\/v2\/comments?post=498"}],"version-history":[{"count":63,"href":"https:\/\/rollingdoors.com.pa\/web\/wp-json\/wp\/v2\/pages\/498\/revisions"}],"predecessor-version":[{"id":745,"href":"https:\/\/rollingdoors.com.pa\/web\/wp-json\/wp\/v2\/pages\/498\/revisions\/745"}],"wp:attachment":[{"href":"https:\/\/rollingdoors.com.pa\/web\/wp-json\/wp\/v2\/media?parent=498"}],"curies":[{"name":"wp","href":"https:\/\/api.w.org\/{rel}","templated":true}]}}