{"id":525,"date":"2020-05-30T22:41:14","date_gmt":"2020-05-30T22:41:14","guid":{"rendered":"http:\/\/rollingdoors.com.pa\/web\/?page_id=525"},"modified":"2021-07-21T21:41:52","modified_gmt":"2021-07-21T21:41:52","slug":"nosotros","status":"publish","type":"page","link":"https:\/\/rollingdoors.com.pa\/web\/nosotros\/","title":{"rendered":"Nosotros"},"content":{"rendered":"<p>[vc_row][vc_column][vc_column_text][ts_gap size=\u00bb30px\u00bb horizontal_gap=\u00bboff\u00bb][\/vc_column_text][\/vc_column][\/vc_row][vc_row][vc_column width=\u00bb1\/2&#8243;][vc_column_text css_animation=\u00bbslideInRight\u00bb]<\/p>\n<h2><span style=\"color: #000000;\"><strong>Nuestra Historia\u00a0<\/strong><\/span><\/h2>\n<p>[\/vc_column_text][vc_column_text css_animation=\u00bbslideInRight\u00bb]<\/p>\n<h4>Nacimos para satisfacer sus necesidades, una nueva opci\u00f3n, un servicio diferente, personalizado a la hora que usted nos necesite.<br \/>\nSomos una empresa Paname\u00f1a creada el 13 de enero 2009, contamos con un personal id\u00f3neo, responsable, para garantizarles a nuestros clientes confiabilidad, tranquilidad y sobre todo seguridad.<\/h4>\n<p><strong>Rolling Doors, Multiservicios Sualen y Sonido Callejero son un convenio de empresas dedicadas a diferentes sectores. Llevando soluciones a todo el pa\u00eds.\u00a0<\/strong><\/p>\n<h4><strong>Localizaci\u00f3n: Centro comercial Hong Kong, Pedregal, Panam\u00e1.<\/strong><\/h4>\n<p><strong>Horario: 24 horas para servirle\u00a0<\/strong>[\/vc_column_text][\/vc_column][vc_column width=\u00bb1\/2&#8243;][vc_gmaps link=\u00bb#E-8_JTNDaWZyYW1lJTIwc3JjJTNEJTIyaHR0cHMlM0ElMkYlMkZ3d3cuZ29vZ2xlLmNvbSUyRm1hcHMlMkZlbWJlZCUzRnBiJTNEJTIxMW0xNCUyMTFtMTIlMjExbTMlMjExZDM5MzkuOTk1NTExNjg1MzEyNSUyMTJkLTc5LjQzMTU4MDQ5NDU3OTIyJTIxM2Q5LjA2NDE3MjIyNTIzNTczJTIxMm0zJTIxMWYwJTIxMmYwJTIxM2YwJTIxM20yJTIxMWkxMDI0JTIxMmk3NjglMjE0ZjEzLjElMjE1ZTAlMjEzbTIlMjExc2VzJTIxMnNwYSUyMTR2MTU5MjAwNjU4MDc4MyUyMTVtMiUyMTFzZXMlMjEyc3BhJTIyJTIwd2lkdGglM0QlMjI2MDAlMjIlMjBoZWlnaHQlM0QlMjI0NTAlMjIlMjBmcmFtZWJvcmRlciUzRCUyMjAlMjIlMjBzdHlsZSUzRCUyMmJvcmRlciUzQTAlM0IlMjIlMjBhbGxvd2Z1bGxzY3JlZW4lM0QlMjIlMjIlMjBhcmlhLWhpZGRlbiUzRCUyMmZhbHNlJTIyJTIwdGFiaW5kZXglM0QlMjIwJTIyJTNFJTNDJTJGaWZyYW1lJTNF\u00bb css_animation=\u00bbfadeInRight\u00bb][\/vc_column][\/vc_row][vc_row][vc_column][vc_column_text]<\/p>\n<h2><span style=\"color: #000000;\"><strong>Misi\u00f3n &amp; Visi\u00f3n<\/strong><\/span><\/h2>\n<p>[\/vc_column_text][\/vc_column][\/vc_row][vc_row][vc_column][vc_column_text][ts_gap size=\u00bb30px\u00bb horizontal_gap=\u00bboff\u00bb][\/vc_column_text][vc_column_text]<\/p>\n<h2 style=\"text-align: center;\"><strong>NUESTRO EQUIPO<\/strong><\/h2>\n<p>[\/vc_column_text][vc_row_inner][vc_column_inner width=\u00bb1\/3&#8243;][vc_single_image image=\u00bb639&#8243; img_size=\u00bb500&#215;500&#8243;][vc_column_text]<\/p>\n<h4>Gerente General<\/h4>\n<p>MBA. Sugey Salcedo<\/p>\n<p>Tel: 6450-2608<\/p>\n<p>Correo: gerencia@rollingdoors.com.pa[\/vc_column_text][vc_single_image image=\u00bb635&#8243; img_size=\u00bb500&#215;500&#8243;][vc_column_text]<\/p>\n<h4>Gerente de Ventas<\/h4>\n<p>Lic.Yuri Gonzales<\/p>\n<p>Tel: 69770819<\/p>\n<p>Correo: ventas@rollingdoors.com.pa[\/vc_column_text][\/vc_column_inner][vc_column_inner width=\u00bb1\/3&#8243;][vc_single_image image=\u00bb638&#8243; img_size=\u00bb500&#215;500&#8243;][vc_column_text]<\/p>\n<h4>Gerente de Operaciones<\/h4>\n<p>Lic. Lisette Patrick<\/p>\n<p>Tel: 6618-6703<\/p>\n<p>Correo: operaciones@rollingdoors.com.pa[\/vc_column_text][\/vc_column_inner][vc_column_inner width=\u00bb1\/3&#8243;][vc_single_image image=\u00bb637&#8243; img_size=\u00bb500&#215;500&#8243;][vc_column_text]<\/p>\n<h4>Gerente de Operaciones<\/h4>\n<p>Abdiel Castrell\u00f3n<\/p>\n<p>Tel: 6021-6882<\/p>\n<p>Correo: smultiservicios507@gmail.com[\/vc_column_text][vc_single_image image=\u00bb636&#8243; img_size=\u00bb500&#215;500&#8243;][vc_column_text]<\/p>\n<h4>Secretaria<\/h4>\n<p>Lic. Yaneth Patrick<\/p>\n<p>Tel: 64341523<\/p>\n<p>Correo: asistente@rollingdoors.com.pa[\/vc_column_text][\/vc_column_inner][\/vc_row_inner][\/vc_column][\/vc_row]<\/p>\n","protected":false},"excerpt":{"rendered":"<p>[vc_row][vc_column][vc_column_text][ts_gap size=\u00bb30px\u00bb horizontal_gap=\u00bboff\u00bb][\/vc_column_text][\/vc_column][\/vc_row][vc_row][vc_column width=\u00bb1\/2&#8243;][vc_column_text css_animation=\u00bbslideInRight\u00bb] Nuestra Historia\u00a0 [\/vc_column_text][vc_column_text css_animation=\u00bbslideInRight\u00bb] Nacimos para satisfacer sus necesidades, una nueva opci\u00f3n, un servicio diferente, personalizado a la hora que usted nos necesite. Somos una empresa Paname\u00f1a creada el 13 de enero 2009, contamos con un personal id\u00f3neo, responsable, para garantizarles a nuestros clientes confiabilidad, tranquilidad y sobre todo seguridad.&hellip; <br \/> <a class=\"read-more\" href=\"https:\/\/rollingdoors.com.pa\/web\/nosotros\/\">Leer m\u00e1s<\/a><\/p>\n","protected":false},"author":1,"featured_media":0,"parent":0,"menu_order":50,"comment_status":"closed","ping_status":"closed","template":"","meta":{"footnotes":""},"class_list":["post-525","page","type-page","status-publish","hentry"],"_links":{"self":[{"href":"https:\/\/rollingdoors.com.pa\/web\/wp-json\/wp\/v2\/pages\/525","targetHints":{"allow":["GET"]}}],"collection":[{"href":"https:\/\/rollingdoors.com.pa\/web\/wp-json\/wp\/v2\/pages"}],"about":[{"href":"https:\/\/rollingdoors.com.pa\/web\/wp-json\/wp\/v2\/types\/page"}],"author":[{"embeddable":true,"href":"https:\/\/rollingdoors.com.pa\/web\/wp-json\/wp\/v2\/users\/1"}],"replies":[{"embeddable":true,"href":"https:\/\/rollingdoors.com.pa\/web\/wp-json\/wp\/v2\/comments?post=525"}],"version-history":[{"count":12,"href":"https:\/\/rollingdoors.com.pa\/web\/wp-json\/wp\/v2\/pages\/525\/revisions"}],"predecessor-version":[{"id":726,"href":"https:\/\/rollingdoors.com.pa\/web\/wp-json\/wp\/v2\/pages\/525\/revisions\/726"}],"wp:attachment":[{"href":"https:\/\/rollingdoors.com.pa\/web\/wp-json\/wp\/v2\/media?parent=525"}],"curies":[{"name":"wp","href":"https:\/\/api.w.org\/{rel}","templated":true}]}}