{"id":530,"date":"2020-05-31T16:03:26","date_gmt":"2020-05-31T16:03:26","guid":{"rendered":"http:\/\/rollingdoors.com.pa\/web\/?page_id=530"},"modified":"2021-07-21T20:06:50","modified_gmt":"2021-07-21T20:06:50","slug":"puertas-enrollables","status":"publish","type":"page","link":"https:\/\/rollingdoors.com.pa\/web\/servicios\/puertas-enrollables\/","title":{"rendered":"Puertas"},"content":{"rendered":"<p>[vc_row][vc_column][vc_empty_space height=\u00bb64px\u00bb][\/vc_column][\/vc_row][vc_row][vc_column][vc_column_text]<\/p>\n<h2><strong>Puertas enrollables<\/strong><\/h2>\n<p>[\/vc_column_text][vc_row_inner equal_height=\u00bbyes\u00bb gap=\u00bb25&#8243;][vc_column_inner width=\u00bb1\/2&#8243;][vc_column_text]<strong>Dentro de los modelos que nuestra compa\u00f1\u00eda ofrece est\u00e1n: Puerta Cerradas, Puertas Combinadas, Puertas Rejillas y Puertas Microperforadas.<\/strong><\/p>\n<p>Las Puertas Enrollables Cerrada son fabricadas de l\u00e1minas galvanizadas calibre 22 con la m\u00e1s alta galvanizaci\u00f3n por pie2.<\/p>\n<p>Las rejillas est\u00e1n confeccionadas con eslabones troquelados intercalados uniendo las tuber\u00edas galvanizadas.<br \/>\nLas micro perforadas son confeccionadas de l\u00e1minas galvanizadas C-22, con micro perforaciones de aproximadamente de 3\/32 de di\u00e1metro a lo largo de toda la l\u00e1mina y muestran la caracter\u00edstica de ofrecer visibilidad al local o residencia adem\u00e1s de ventilaci\u00f3n.<\/p>\n<p>Las puertas combinadas est\u00e1n confeccionadas con l\u00e1minas galvanizadas cerradas en la parte superior e inferior y en la parte central la rejilla con eslabones troquelados intercalados.<\/p>\n<p>Todas nuestras puertas ofrecen seguridad, tienen un acabado anticorrosivo y junto con la galvanizaci\u00f3n son aspectos que son necesario para nuestro pa\u00eds debido a nuestro alto nivel de humedad as\u00ed como la cercan\u00eda al mar. Las mismas minimizan la corrosi\u00f3n y deterioro en los componentes de nuestras puertas. Estas puertas son utilizadas para locales comerciales, condominios y residencia.[\/vc_column_text][\/vc_column_inner][vc_column_inner width=\u00bb1\/2&#8243;][vc_images_carousel images=\u00bb213,209,215,217,204&#8243; img_size=\u00bb600&#215;600&#8243;][\/vc_column_inner][\/vc_row_inner][\/vc_column][\/vc_row][vc_row css=\u00bb.vc_custom_1591987318906{background-color: #dbdbdb !important;}\u00bb][vc_column][vc_column_text]<\/p>\n<h2><strong>Puertas Cortafuego<\/strong><\/h2>\n<p>[\/vc_column_text][vc_row_inner equal_height=\u00bbyes\u00bb gap=\u00bb25&#8243; css=\u00bb.vc_custom_1591987438768{margin-right: 0px !important;margin-left: 0px !important;background-color: #dbdbdb !important;background-position: center !important;background-repeat: no-repeat !important;background-size: cover !important;}\u00bb][vc_column_inner width=\u00bb1\/2&#8243;][vc_single_image image=\u00bb246&#8243; img_size=\u00bb1080&#215;1080&#8243; add_caption=\u00bbyes\u00bb alignment=\u00bbcenter\u00bb onclick=\u00bbcustom_link\u00bb][\/vc_column_inner][vc_column_inner width=\u00bb1\/2&#8243;][vc_column_text]Las puertas cortafuego estan dise\u00f1adas para repeler el fuego cuando se presenten, ideal para edificios, locales comercial, tienen capa interna que es la que repele el fuego existen desde 60 hasta 180 minutos.<\/p>\n<div>\n<div class=\"adm\">\n<div id=\"q_15\" class=\"ajR h4\" aria-label=\"Ocultar contenido expandido\" aria-expanded=\"true\" data-tooltip=\"Ocultar contenido expandido\"><\/div>\n<\/div>\n<\/div>\n<p>[\/vc_column_text][\/vc_column_inner][\/vc_row_inner][vc_column_text][ts_gap size=\u00bb30px\u00bb horizontal_gap=\u00bboff\u00bb][\/vc_column_text][\/vc_column][\/vc_row][vc_row][vc_column][vc_column_text]<\/p>\n<h2 style=\"text-align: left;\"><strong>Puertas Batientes<\/strong><\/h2>\n<p>[\/vc_column_text][vc_row_inner][vc_column_inner width=\u00bb1\/2&#8243;][vc_column_text]Las puertas batientes estan construidas con dise\u00f1os de todo tipo, ya sea proporcionado por el cliente o por la empresa, en las cuales se utilizan tubos, laminas, colochos y construidas con la mas alta calidad de nuestro equipo. Las puertas batientes son un producto de seguridad para tu residencia o negocio utilizamos chumaceras para mejor durabilidad de la puerta.[\/vc_column_text][\/vc_column_inner][vc_column_inner width=\u00bb1\/2&#8243;][vc_single_image image=\u00bb167&#8243; img_size=\u00bb1080&#215;1080&#8243; add_caption=\u00bbyes\u00bb alignment=\u00bbcenter\u00bb onclick=\u00bbcustom_link\u00bb][\/vc_column_inner][\/vc_row_inner][\/vc_column][\/vc_row][vc_row][vc_column][vc_empty_space el_id=\u00bbmotores\u00bb][vc_empty_space height=\u00bb64px\u00bb][\/vc_column][\/vc_row][vc_row equal_height=\u00bbyes\u00bb content_placement=\u00bbmiddle\u00bb][vc_column width=\u00bb1\/2&#8243;][vc_images_carousel images=\u00bb303,301,299,297&#8243; img_size=\u00bb500&#215;500&#8243;][\/vc_column][vc_column width=\u00bb1\/2&#8243;][vc_column_text]Motor paralelo de 600 kg: Motor de 220v de uso intermitente, ideal para galeras, uso aproximado de 10 a 15 veces diarias, su operacion puede ser con botonera o control remoto<\/p>\n<p>Motor paralelo de 1000 kg: Motor de 220v de uso intermitente, ideal para galeras, uso aproximado de 10 a 15 veces diarias, su operacion puede ser con botonera o control remoto.<\/p>\n<p>Motor eje centro: Motor de 110 v de uso intermitente para uso residencial, de oficinas, apertura de 5 a 25 veces dirias, el mismo esta compuesto por electrofreno en caso manual, controles.<\/p>\n<p>Motor Corredizo Icaro corredizo de 2000 lbs, 110v 24v, uso intensivo ideal para uso residemcial _(condominio), motor robusto, mantenimiento recomenable cada mes o dos meses, operacion con sistema gsm, controles remotor, botonera.<\/p>\n<p>Motor RDS, corredizo de 800kg, 110v de uso intermitente para edificios peque\u00f1os de hasta 15 apartamentos, residencias, operacion con control remoto.<\/p>\n<p>Motor batiente genius 120v exclusivo de uso residencial su operacion es con control remoto, utiliza lampara y llave de desbloqueo para operacion manual.<\/p>\n<p>Motor batiente RIB 24, ideal para condominio, robusto, uso intensivo, operado con sistema gsm, controles, apertura de 10 a 14 segundos de apertura.<\/p>\n<p>Motor de H, GH,liftmaster, motor de contactor de 110v ideal para condominio, industrias, robusto, resistente, operado con botonera, control remoto[\/vc_column_text][\/vc_column][\/vc_row]<\/p>\n","protected":false},"excerpt":{"rendered":"<p>[vc_row][vc_column][vc_empty_space height=\u00bb64px\u00bb][\/vc_column][\/vc_row][vc_row][vc_column][vc_column_text] Puertas enrollables [\/vc_column_text][vc_row_inner equal_height=\u00bbyes\u00bb gap=\u00bb25&#8243;][vc_column_inner width=\u00bb1\/2&#8243;][vc_column_text]Dentro de los modelos que nuestra compa\u00f1\u00eda ofrece est\u00e1n: Puerta Cerradas, Puertas Combinadas, Puertas Rejillas y Puertas Microperforadas. Las Puertas Enrollables Cerrada son fabricadas de l\u00e1minas galvanizadas calibre 22 con la m\u00e1s alta galvanizaci\u00f3n por pie2. Las rejillas est\u00e1n confeccionadas con eslabones troquelados intercalados uniendo las tuber\u00edas galvanizadas.&hellip; <br \/> <a class=\"read-more\" href=\"https:\/\/rollingdoors.com.pa\/web\/servicios\/puertas-enrollables\/\">Leer m\u00e1s<\/a><\/p>\n","protected":false},"author":1,"featured_media":0,"parent":264,"menu_order":0,"comment_status":"closed","ping_status":"closed","template":"","meta":{"footnotes":""},"class_list":["post-530","page","type-page","status-publish","hentry"],"_links":{"self":[{"href":"https:\/\/rollingdoors.com.pa\/web\/wp-json\/wp\/v2\/pages\/530","targetHints":{"allow":["GET"]}}],"collection":[{"href":"https:\/\/rollingdoors.com.pa\/web\/wp-json\/wp\/v2\/pages"}],"about":[{"href":"https:\/\/rollingdoors.com.pa\/web\/wp-json\/wp\/v2\/types\/page"}],"author":[{"embeddable":true,"href":"https:\/\/rollingdoors.com.pa\/web\/wp-json\/wp\/v2\/users\/1"}],"replies":[{"embeddable":true,"href":"https:\/\/rollingdoors.com.pa\/web\/wp-json\/wp\/v2\/comments?post=530"}],"version-history":[{"count":20,"href":"https:\/\/rollingdoors.com.pa\/web\/wp-json\/wp\/v2\/pages\/530\/revisions"}],"predecessor-version":[{"id":619,"href":"https:\/\/rollingdoors.com.pa\/web\/wp-json\/wp\/v2\/pages\/530\/revisions\/619"}],"up":[{"embeddable":true,"href":"https:\/\/rollingdoors.com.pa\/web\/wp-json\/wp\/v2\/pages\/264"}],"wp:attachment":[{"href":"https:\/\/rollingdoors.com.pa\/web\/wp-json\/wp\/v2\/media?parent=530"}],"curies":[{"name":"wp","href":"https:\/\/api.w.org\/{rel}","templated":true}]}}